{"id":3909,"date":"2020-10-13T01:27:29","date_gmt":"2020-10-13T01:27:29","guid":{"rendered":"https:\/\/demoshop.projetodigital.pt\/ezshop\/?page_id=3909"},"modified":"2020-11-19T20:12:24","modified_gmt":"2020-11-19T20:12:24","slug":"sobre","status":"publish","type":"page","link":"https:\/\/demoshop.projetodigital.pt\/ezshop\/sobre\/","title":{"rendered":"Sobre"},"content":{"rendered":"<p>[vc_row full_width=&#8221;stretch_row_content_no_spaces&#8221; full_height=&#8221;yes&#8221; content_placement=&#8221;middle&#8221; css=&#8221;.vc_custom_1603665619170{background-color: #f7f7f7 !important;}&#8221;][vc_column offset=&#8221;vc_col-lg-6 vc_col-md-8&#8243;][vc_row_inner][vc_column_inner width=&#8221;1\/6&#8243;][\/vc_column_inner][vc_column_inner width=&#8221;2\/3&#8243; css=&#8221;.vc_custom_1541268784127{padding-right: 15% !important;padding-left: 15% !important;}&#8221; offset=&#8221;vc_hidden-sm vc_hidden-xs&#8221;][vc_custom_heading text=&#8221;IDENTIDADE&#8221; font_container=&#8221;tag:h4|font_size:12px|text_align:left|color:%23cba14a|line_height:12px&#8221; use_theme_fonts=&#8221;yes&#8221; el_class=&#8221;l-spacing-title&#8221;][vc_custom_heading text=&#8221;Behind&#8221; font_container=&#8221;tag:h1|text_align:left|color:%23666666|line_height:55px&#8221; use_theme_fonts=&#8221;yes&#8221; css=&#8221;.vc_custom_1603665793482{margin-bottom: 0px !important;margin-left: -50px !important;}&#8221;][vc_custom_heading text=&#8221;the Brand&#8221; font_container=&#8221;tag:h1|text_align:left|color:%23666666|line_height:55px&#8221; use_theme_fonts=&#8221;yes&#8221;][vc_custom_heading text=&#8221;Totam at eius excepturi deleniti sed, error repellat itaque omnis maiores tempora ratione dolor velit minus porro aspernatur repudiandae labore quas adipisci esse, nulla tempore voluptatibus cupiditate.&#8221; font_container=&#8221;tag:p|font_size:24px|text_align:left|color:%23969696|line_height:40px&#8221; use_theme_fonts=&#8221;yes&#8221;][\/vc_column_inner][vc_column_inner width=&#8221;1\/6&#8243;][\/vc_column_inner][\/vc_row_inner][vc_row_inner][vc_column_inner width=&#8221;1\/6&#8243;][\/vc_column_inner][vc_column_inner width=&#8221;2\/3&#8243; css=&#8221;.vc_custom_1541268793925{padding-right: 15% !important;padding-left: 15% !important;}&#8221; offset=&#8221;vc_hidden-lg vc_hidden-md&#8221;][vc_empty_space height=&#8221;25vw&#8221;][vc_custom_heading text=&#8221;IDENTIDADE&#8221; font_container=&#8221;tag:h4|font_size:12px|text_align:left|color:%23cba14a|line_height:12px&#8221; use_theme_fonts=&#8221;yes&#8221; el_class=&#8221;l-spacing-title&#8221; css=&#8221;.vc_custom_1602550038614{margin-bottom: 20px !important;}&#8221;][vc_custom_heading text=&#8221;Behind the Brand&#8221; font_container=&#8221;tag:h1|text_align:left|color:%23666666|line_height:40px&#8221; use_theme_fonts=&#8221;yes&#8221; css=&#8221;.vc_custom_1603679159701{margin-bottom: 10px !important;}&#8221;][vc_custom_heading text=&#8221;Totam at eius excepturi deleniti sed, error repellat itaque omnis maiores tempora ratione dolor velit minus porro aspernatur repudiandae labore quas adipisci esse, nulla tempore voluptatibus cupiditate.&#8221; font_container=&#8221;tag:p|text_align:left|color:%23969696&#8243; use_theme_fonts=&#8221;yes&#8221;][vc_empty_space height=&#8221;10vw&#8221;][\/vc_column_inner][vc_column_inner width=&#8221;1\/6&#8243;][\/vc_column_inner][\/vc_row_inner][\/vc_column][vc_column parallax=&#8221;content-moving-fade&#8221; css=&#8221;.vc_custom_1603667017698{background-image: url(https:\/\/demoshop.projetodigital.pt\/ezshop\/wp-content\/uploads\/2020\/10\/team_melissa_smith-541&#215;700-1.jpg?id=4041) !important;background-position: center !important;background-repeat: no-repeat !important;background-size: cover !important;}&#8221; offset=&#8221;vc_col-lg-6 vc_col-md-4&#8243;][vc_row_inner][vc_column_inner offset=&#8221;vc_hidden-sm vc_hidden-xs&#8221;][vc_empty_space height=&#8221;100vh&#8221;][\/vc_column_inner][\/vc_row_inner][vc_row_inner][vc_column_inner offset=&#8221;vc_hidden-lg vc_hidden-md&#8221;][vc_empty_space height=&#8221;60vh&#8221;][\/vc_column_inner][\/vc_row_inner][\/vc_column][\/vc_row][vc_row full_width=&#8221;stretch_row_content&#8221; full_height=&#8221;yes&#8221; parallax=&#8221;content-moving&#8221; parallax_image=&#8221;3678&#8243; parallax_speed_bg=&#8221;1.4&#8243;][vc_column css_animation=&#8221;fadeIn&#8221;][vc_row_inner][vc_column_inner width=&#8221;1\/6&#8243;][\/vc_column_inner][vc_column_inner width=&#8221;2\/3&#8243; offset=&#8221;vc_hidden-md vc_hidden-sm vc_hidden-xs&#8221;][vc_custom_heading text=&#8221;HIST\u00d3RIA&#8221; font_container=&#8221;tag:h4|font_size:12px|text_align:left|color:%23cba14a|line_height:12px&#8221; use_theme_fonts=&#8221;yes&#8221; el_class=&#8221;l-spacing-title&#8221; css=&#8221;.vc_custom_1602550055065{margin-bottom: 30px !important;}&#8221;][vc_custom_heading text=&#8221;Do design cuidado \u00e0 sele\u00e7\u00e3o<br \/>\nde materiais de alta qualidade.&#8221; font_container=&#8221;tag:h1|font_size:72px|text_align:left|color:%23ffffff|line_height:72px&#8221; use_theme_fonts=&#8221;yes&#8221; css=&#8221;.vc_custom_1602551397213{margin-bottom: 20px !important;}&#8221;][vc_custom_heading text=&#8221;Harum dolore incidunt maxime voluptatibus laudantium.&#8221; font_container=&#8221;tag:p|font_size:36px|text_align:left|color:%23bcbcbc|line_height:42px&#8221; use_theme_fonts=&#8221;yes&#8221;][\/vc_column_inner][vc_column_inner width=&#8221;1\/6&#8243;][\/vc_column_inner][\/vc_row_inner][vc_row_inner][vc_column_inner offset=&#8221;vc_hidden-lg vc_hidden-xs&#8221; css=&#8221;.vc_custom_1603679731760{padding-top: 5% !important;padding-right: 20% !important;padding-bottom: 5% !important;padding-left: 20% !important;}&#8221;][vc_custom_heading text=&#8221;HIST\u00d3RIA&#8221; font_container=&#8221;tag:h4|font_size:12px|text_align:left|color:%23cba14a|line_height:12px&#8221; use_theme_fonts=&#8221;yes&#8221; el_class=&#8221;l-spacing-title&#8221; css=&#8221;.vc_custom_1602550561263{margin-bottom: 30px !important;}&#8221;][vc_custom_heading text=&#8221;Do design cuidado \u00e0 sele\u00e7\u00e3o<br \/>\nde materiais de alta qualidade.&#8221; font_container=&#8221;tag:h1|font_size:45px|text_align:left|color:%23ffffff|line_height:50px&#8221; use_theme_fonts=&#8221;yes&#8221; css=&#8221;.vc_custom_1602551416956{margin-bottom: 20px !important;}&#8221;][vc_custom_heading text=&#8221;Harum dolore incidunt maxime voluptatibus laudantium.&#8221; font_container=&#8221;tag:p|text_align:left|color:%23bcbcbc&#8221; use_theme_fonts=&#8221;yes&#8221;][\/vc_column_inner][\/vc_row_inner][vc_row_inner][vc_column_inner offset=&#8221;vc_hidden-lg vc_hidden-md vc_hidden-sm&#8221; css=&#8221;.vc_custom_1603679800048{padding-top: 5% !important;padding-right: 4% !important;padding-bottom: 5% !important;padding-left: 4% !important;}&#8221;][vc_custom_heading text=&#8221;HIST\u00d3RIA&#8221; font_container=&#8221;tag:h4|font_size:12px|text_align:left|color:%23cba14a|line_height:12px&#8221; use_theme_fonts=&#8221;yes&#8221; el_class=&#8221;l-spacing-title&#8221; css=&#8221;.vc_custom_1602550561263{margin-bottom: 30px !important;}&#8221;][vc_custom_heading text=&#8221;Do design cuidado \u00e0 sele\u00e7\u00e3o de materiais de alta qualidade.&#8221; font_container=&#8221;tag:h1|font_size:45px|text_align:left|color:%23ffffff|line_height:50px&#8221; use_theme_fonts=&#8221;yes&#8221; css=&#8221;.vc_custom_1603679920268{margin-bottom: 20px !important;}&#8221;][vc_custom_heading text=&#8221;Harum dolore incidunt maxime voluptatibus laudantium.&#8221; font_container=&#8221;tag:p|text_align:left|color:%23bcbcbc&#8221; use_theme_fonts=&#8221;yes&#8221;][\/vc_column_inner][\/vc_row_inner][\/vc_column][\/vc_row][vc_row full_width=&#8221;stretch_row_content&#8221; content_placement=&#8221;top&#8221; css=&#8221;.vc_custom_1603671824988{background: #f4f4f4 url(https:\/\/demoshop.projetodigital.pt\/ezshop\/wp-content\/uploads\/2020\/10\/lorem.jpg?id=4055) !important;background-position: center !important;background-repeat: no-repeat !important;background-size: cover !important;}&#8221;][vc_column css_animation=&#8221;fadeIn&#8221; width=&#8221;2\/3&#8243; css=&#8221;.vc_custom_1541324523678{background-position: center !important;background-repeat: no-repeat !important;background-size: cover !important;}&#8221; offset=&#8221;vc_hidden-sm vc_hidden-xs&#8221;][vc_row_inner][vc_column_inner width=&#8221;1\/6&#8243;][\/vc_column_inner][vc_column_inner width=&#8221;1\/2&#8243; offset=&#8221;vc_hidden-sm vc_hidden-xs&#8221;][vc_empty_space height=&#8221;8vw&#8221;][vc_custom_heading text=&#8221;VIS\u00c3O&#8221; font_container=&#8221;tag:h4|font_size:12px|text_align:left|color:%23cba14a|line_height:12px&#8221; use_theme_fonts=&#8221;yes&#8221; el_class=&#8221;l-spacing-title&#8221;][vc_custom_heading text=&#8221;Lorem ipsum dolor sit amet, consectetur adipisicing elit. Eius adipisci, sed libero. Iste asperiores suscipit, consequatur debitis animi impedit numquam facilis iusto porro labore dolorem, maxime magni incidunt. Delectus, est!&#8221; font_container=&#8221;tag:p|font_size:24px|text_align:left|color:%23666666|line_height:40px&#8221; use_theme_fonts=&#8221;yes&#8221;][vc_empty_space height=&#8221;20px&#8221;][vc_single_image image=&#8221;4052&#8243; img_size=&#8221;full&#8221;][vc_empty_space height=&#8221;20px&#8221;][vc_btn title=&#8221;VER PRODUTOS&#8221; style=&#8221;outline&#8221; shape=&#8221;square&#8221; color=&#8221;black&#8221; align=&#8221;center&#8221; i_type=&#8221;openiconic&#8221; i_icon_openiconic=&#8221;vc-oi vc-oi-tag-empty&#8221; css_animation=&#8221;fadeInUp&#8221; button_block=&#8221;true&#8221; add_icon=&#8221;true&#8221;][\/vc_column_inner][vc_column_inner width=&#8221;1\/3&#8243;][\/vc_column_inner][\/vc_row_inner][\/vc_column][vc_column width=&#8221;1\/3&#8243;][vc_row_inner][vc_column_inner offset=&#8221;vc_hidden-md vc_hidden-sm vc_hidden-xs&#8221;][vc_empty_space height=&#8221;100vh&#8221;][\/vc_column_inner][\/vc_row_inner][vc_row_inner][vc_column_inner offset=&#8221;vc_hidden-lg vc_hidden-sm vc_hidden-xs&#8221;][vc_empty_space height=&#8221;80vh&#8221;][\/vc_column_inner][\/vc_row_inner][vc_row_inner][vc_column_inner offset=&#8221;vc_hidden-lg vc_hidden-md vc_hidden-xs&#8221;][vc_empty_space height=&#8221;70vw&#8221;][\/vc_column_inner][\/vc_row_inner][vc_row_inner][vc_column_inner offset=&#8221;vc_hidden-lg vc_hidden-md vc_hidden-sm&#8221;][vc_empty_space height=&#8221;60vw&#8221;][\/vc_column_inner][\/vc_row_inner][\/vc_column][\/vc_row][vc_row full_width=&#8221;stretch_row_content&#8221; css=&#8221;.vc_custom_1603675695318{background-color: #f4f4f4 !important;}&#8221;][vc_column css_animation=&#8221;fadeIn&#8221;][vc_row_inner][vc_column_inner offset=&#8221;vc_hidden-lg vc_hidden-md&#8221; css=&#8221;.vc_custom_1603680701405{padding-right: 5vw !important;padding-left: 5vw !important;}&#8221;][vc_empty_space height=&#8221;10vw&#8221;][vc_custom_heading text=&#8221;VIS\u00c3O&#8221; font_container=&#8221;tag:h4|font_size:12px|text_align:left|color:%23cba14a|line_height:12px&#8221; use_theme_fonts=&#8221;yes&#8221; el_class=&#8221;l-spacing-title&#8221; css=&#8221;.vc_custom_1602550740894{margin-bottom: 20px !important;}&#8221;][vc_custom_heading text=&#8221;Lorem ipsum dolor sit amet, consectetur adipisicing elit. Eius adipisci, sed libero. Iste asperiores suscipit, consequatur debitis animi impedit numquam facilis iusto porro labore dolorem, maxime magni incidunt. Delectus, est!&#8221; font_container=&#8221;tag:p|text_align:left|color:%23666666&#8243; use_theme_fonts=&#8221;yes&#8221;][vc_empty_space height=&#8221;5px&#8221;][vc_single_image image=&#8221;4052&#8243; img_size=&#8221;full&#8221;][vc_empty_space height=&#8221;5vw&#8221;][vc_btn title=&#8221;VER PRODUTOS&#8221; style=&#8221;outline&#8221; shape=&#8221;square&#8221; color=&#8221;black&#8221; align=&#8221;center&#8221; i_type=&#8221;openiconic&#8221; i_icon_openiconic=&#8221;vc-oi vc-oi-tag-empty&#8221; css_animation=&#8221;fadeInUp&#8221; button_block=&#8221;true&#8221; add_icon=&#8221;true&#8221;][\/vc_column_inner][\/vc_row_inner][\/vc_column][\/vc_row][vc_row full_width=&#8221;stretch_row_content&#8221; css_animation=&#8221;none&#8221; css=&#8221;.vc_custom_1603675979374{border-top-width: 1px !important;background-color: #f4f4f4 !important;border-top-color: rgba(255,255,255,0.1) !important;border-top-style: solid !important;}&#8221;][vc_column css_animation=&#8221;fadeIn&#8221; offset=&#8221;vc_col-lg-4 vc_col-md-5&#8243;][vc_row_inner css=&#8221;.vc_custom_1541325271197{padding-top: 4vw !important;padding-right: 5vw !important;padding-bottom: 4vw !important;padding-left: 5vw !important;}&#8221;][vc_column_inner offset=&#8221;vc_hidden-sm vc_hidden-xs&#8221;][vc_custom_heading text=&#8221;ENTRE EM CONTACTO&#8221; font_container=&#8221;tag:h4|font_size:12px|text_align:left|color:%23cba14a|line_height:12px&#8221; use_theme_fonts=&#8221;yes&#8221; el_class=&#8221;l-spacing-title&#8221; css=&#8221;.vc_custom_1602550818921{margin-bottom: 20px !important;}&#8221;][vc_custom_heading text=&#8221;Descubra o<br \/>\nLorem ipsum dolor&#8221; font_container=&#8221;tag:h2|text_align:left|color:%23666666&#8243; use_theme_fonts=&#8221;yes&#8221; css=&#8221;.vc_custom_1603676194627{margin-bottom: 0px !important;}&#8221;][vc_custom_heading text=&#8221;Harum dolore incidunt maxime eveniet ipsa sequi voluptatibus laudantium.&#8221; font_container=&#8221;tag:p|text_align:left|color:%23999999&#8243; use_theme_fonts=&#8221;yes&#8221;][\/vc_column_inner][\/vc_row_inner][vc_row_inner css=&#8221;.vc_custom_1541316744276{padding-top: 4vw !important;padding-right: 5vw !important;padding-left: 5vw !important;}&#8221;][vc_column_inner offset=&#8221;vc_hidden-lg vc_hidden-md&#8221;][vc_custom_heading text=&#8221;ENTRE EM CONTACTO&#8221; font_container=&#8221;tag:h4|font_size:12px|text_align:left|color:%23cba14a|line_height:12px&#8221; use_theme_fonts=&#8221;yes&#8221; el_class=&#8221;l-spacing-title&#8221; css=&#8221;.vc_custom_1602551027635{margin-bottom: 20px !important;}&#8221;][vc_custom_heading text=&#8221;Descubra o<br \/>\nLorem ipsum dolor&#8221; font_container=&#8221;tag:h2|text_align:left|color:%23666666&#8243; use_theme_fonts=&#8221;yes&#8221; css=&#8221;.vc_custom_1603676289466{margin-bottom: 0px !important;}&#8221;][vc_custom_heading text=&#8221;Harum dolore incidunt maxime eveniet ipsa sequi voluptatibus laudantium.&#8221; font_container=&#8221;tag:p|text_align:left|color:%23999999&#8243; use_theme_fonts=&#8221;yes&#8221;][\/vc_column_inner][\/vc_row_inner][\/vc_column][vc_column css_animation=&#8221;fadeIn&#8221; offset=&#8221;vc_col-lg-8 vc_col-md-7&#8243;][vc_row_inner css=&#8221;.vc_custom_1541316594302{padding-top: 6vw !important;padding-bottom: 4vw !important;padding-left: 5vw !important;}&#8221;][vc_column_inner offset=&#8221;vc_col-lg-4 vc_col-md-6&#8243; css=&#8221;.vc_custom_1541316661957{margin-bottom: 2vw !important;}&#8221;][vc_custom_heading text=&#8221;Visite-nos&#8221; font_container=&#8221;tag:h3|font_size:26px|text_align:left|color:%23666666|line_height:30px&#8221; use_theme_fonts=&#8221;yes&#8221; css=&#8221;.vc_custom_1603676237806{margin-bottom: 10px !important;}&#8221;][vc_custom_heading text=&#8221;Rua S\u00e3o Nicolau 34<br \/>\nSanta Maria da Feira<br \/>\nPortugal&#8221; font_container=&#8221;tag:p|text_align:left|color:%23999999&#8243; use_theme_fonts=&#8221;yes&#8221;][\/vc_column_inner][vc_column_inner offset=&#8221;vc_col-lg-4 vc_col-md-6&#8243; css=&#8221;.vc_custom_1541316667886{margin-bottom: 2vw !important;}&#8221;][vc_custom_heading text=&#8221;Telefone \/ Email&#8221; font_container=&#8221;tag:h3|font_size:26px|text_align:left|color:%23666666|line_height:30px&#8221; use_theme_fonts=&#8221;yes&#8221; css=&#8221;.vc_custom_1603676256543{margin-bottom: 10px !important;}&#8221;][vc_custom_heading text=&#8221;info@projetodigital.pt<br \/>\n(+351) 256 792 025<br \/>\nseg \u2013 sex: 10:00 \u2013 17:00&#8243; font_container=&#8221;tag:p|text_align:left|color:%23999999&#8243; use_theme_fonts=&#8221;yes&#8221;][\/vc_column_inner][vc_column_inner offset=&#8221;vc_col-lg-4 vc_col-md-6&#8243; css=&#8221;.vc_custom_1541316714106{margin-bottom: 2vw !important;}&#8221;][vc_custom_heading text=&#8221;Siga-nos&#8221; font_container=&#8221;tag:h3|font_size:26px|text_align:left|color:%23666666|line_height:30px&#8221; use_theme_fonts=&#8221;yes&#8221; css=&#8221;.vc_custom_1603676272373{margin-bottom: 15px !important;}&#8221;][vc_custom_heading text=&#8221;facebook<br \/>\nInstagram<br \/>\nTwitter&#8221; font_container=&#8221;tag:p|text_align:left|color:%23999999&#8243; use_theme_fonts=&#8221;yes&#8221;][\/vc_column_inner][\/vc_row_inner][\/vc_column][\/vc_row]<\/p>\n","protected":false},"excerpt":{"rendered":"<p>[vc_row full_width=&#8221;stretch_row_content_no_spaces&#8221; full_height=&#8221;yes&#8221; content_placement=&#8221;middle&#8221; css=&#8221;.vc_custom_1603665619170{background-color: #f7f7f7 !important;}&#8221;][vc_column offset=&#8221;vc_col-lg-6 vc_col-md-8&#8243;][vc_row_inner][vc_column_inner width=&#8221;1\/6&#8243;][\/vc_column_inner][vc_column_inner width=&#8221;2\/3&#8243; css=&#8221;.vc_custom_1541268784127{padding-right: 15% !important;padding-left: 15% !important;}&#8221; offset=&#8221;vc_hidden-sm vc_hidden-xs&#8221;][vc_custom_heading text=&#8221;IDENTIDADE&#8221; font_container=&#8221;tag:h4|font_size:12px|text_align:left|color:%23cba14a|line_height:12px&#8221;\u2026<\/p>\n","protected":false},"author":1,"featured_media":0,"parent":0,"menu_order":0,"comment_status":"closed","ping_status":"closed","template":"","meta":[],"_links":{"self":[{"href":"https:\/\/demoshop.projetodigital.pt\/ezshop\/wp-json\/wp\/v2\/pages\/3909"}],"collection":[{"href":"https:\/\/demoshop.projetodigital.pt\/ezshop\/wp-json\/wp\/v2\/pages"}],"about":[{"href":"https:\/\/demoshop.projetodigital.pt\/ezshop\/wp-json\/wp\/v2\/types\/page"}],"author":[{"embeddable":true,"href":"https:\/\/demoshop.projetodigital.pt\/ezshop\/wp-json\/wp\/v2\/users\/1"}],"replies":[{"embeddable":true,"href":"https:\/\/demoshop.projetodigital.pt\/ezshop\/wp-json\/wp\/v2\/comments?post=3909"}],"version-history":[{"count":58,"href":"https:\/\/demoshop.projetodigital.pt\/ezshop\/wp-json\/wp\/v2\/pages\/3909\/revisions"}],"predecessor-version":[{"id":4158,"href":"https:\/\/demoshop.projetodigital.pt\/ezshop\/wp-json\/wp\/v2\/pages\/3909\/revisions\/4158"}],"wp:attachment":[{"href":"https:\/\/demoshop.projetodigital.pt\/ezshop\/wp-json\/wp\/v2\/media?parent=3909"}],"curies":[{"name":"wp","href":"https:\/\/api.w.org\/{rel}","templated":true}]}}