{"id":3727,"date":"2018-12-28T19:40:21","date_gmt":"2018-12-28T19:40:21","guid":{"rendered":"https:\/\/barberry.temashdesign.com\/furnituredemo\/?page_id=3727"},"modified":"2020-10-26T12:21:41","modified_gmt":"2020-10-26T12:21:41","slug":"faqs","status":"publish","type":"page","link":"https:\/\/demoshop.projetodigital.pt\/ezshop\/faqs\/","title":{"rendered":"FAQs"},"content":{"rendered":"<p>[vc_row full_width=&#8221;stretch_row_content_no_spaces&#8221; full_height=&#8221;yes&#8221; columns_placement=&#8221;top&#8221; equal_height=&#8221;yes&#8221; content_placement=&#8221;top&#8221;][vc_column css=&#8221;.vc_custom_1603714547953{padding-right: 4vw !important;padding-left: 6.5vw !important;background-color: #efefef !important;}&#8221; offset=&#8221;vc_col-lg-4 vc_col-md-5&#8243;][vc_row_inner][vc_column_inner offset=&#8221;vc_hidden-sm vc_hidden-xs&#8221;][vc_empty_space height=&#8221;10vw&#8221;][vc_custom_heading text=&#8221;FAQs&#8221; font_container=&#8221;tag:h2|font_size:72px|text_align:left|color:%23000000|line_height:72px&#8221; use_theme_fonts=&#8221;yes&#8221;][vc_empty_space height=&#8221;20px&#8221;][vc_custom_heading text=&#8221;Por favor, antes de colocar uma quest\u00e3o leia com aten\u00e7\u00e3o as perguntas frequentes.&#8221; font_container=&#8221;tag:p|font_size:30px|text_align:left|color:%23000000|line_height:40px&#8221; use_theme_fonts=&#8221;yes&#8221;][\/vc_column_inner][\/vc_row_inner][vc_row_inner][vc_column_inner offset=&#8221;vc_hidden-lg vc_hidden-md&#8221;][vc_empty_space height=&#8221;80px&#8221;][vc_custom_heading text=&#8221;FAQs&#8221; font_container=&#8221;tag:h2|font_size:62px|text_align:center|color:%23000000|line_height:72px&#8221; use_theme_fonts=&#8221;yes&#8221;][vc_custom_heading text=&#8221;Por favor, antes de colocar uma quest\u00e3o leia com aten\u00e7\u00e3o as perguntas frequentes.&#8221; font_container=&#8221;tag:p|font_size:20px|text_align:center|color:%23000000|line_height:30px&#8221; use_theme_fonts=&#8221;yes&#8221;][vc_empty_space height=&#8221;30px&#8221;][\/vc_column_inner][\/vc_row_inner][\/vc_column][vc_column offset=&#8221;vc_col-lg-8 vc_col-md-7&#8243; css=&#8221;.vc_custom_1545636776711{padding-right: 7vw !important;padding-left: 7vw !important;}&#8221;][vc_row_inner][vc_column_inner offset=&#8221;vc_hidden-md vc_hidden-sm vc_hidden-xs&#8221;][vc_empty_space height=&#8221;12vw&#8221;][\/vc_column_inner][\/vc_row_inner][vc_row_inner][vc_column_inner offset=&#8221;vc_hidden-lg vc_hidden-sm vc_hidden-xs&#8221;][vc_empty_space height=&#8221;14vw&#8221;][\/vc_column_inner][\/vc_row_inner][vc_row_inner][vc_column_inner offset=&#8221;vc_hidden-lg vc_hidden-md&#8221;][vc_empty_space height=&#8221;40px&#8221;][\/vc_column_inner][\/vc_row_inner][vc_row_inner][vc_column_inner][vc_custom_heading text=&#8221;Perguntas frequentes&#8221; font_container=&#8221;tag:h2|font_size:50px|text_align:left|color:%23999999|line_height:50px&#8221; use_theme_fonts=&#8221;yes&#8221;][vc_empty_space height=&#8221;50px&#8221;][\/vc_column_inner][\/vc_row_inner][vc_row_inner css=&#8221;.vc_custom_1545639505775{margin-bottom: 30px !important;}&#8221;][vc_column_inner width=&#8221;1\/2&#8243; css=&#8221;.vc_custom_1545637744226{padding-right: 30px !important;}&#8221;][vc_column_text]<\/p>\n<h4>Quais s\u00e3o os m\u00e9todos de envio dispon\u00edveis?<\/h4>\n<p>[\/vc_column_text][\/vc_column_inner][vc_column_inner width=&#8221;1\/2&#8243;][vc_column_text]<span style=\"color: #000000;\">Neutra fap before they sold out literally Williamsburg. Aliquip ugh bicycle rights actually mlkshk, seitan squid craft beer tempor. XOXO McSweeney\u2019s hashtag seitan, qui mustache tofu bespoke occupy Shoreditch consectetur non.<\/span>[\/vc_column_text][\/vc_column_inner][\/vc_row_inner][vc_row_inner css=&#8221;.vc_custom_1545639513198{margin-bottom: 30px !important;}&#8221;][vc_column_inner width=&#8221;1\/2&#8243; css=&#8221;.vc_custom_1545637744226{padding-right: 30px !important;}&#8221;][vc_column_text]<\/p>\n<h4>Fazem envios internacionais?<\/h4>\n<p>[\/vc_column_text][\/vc_column_inner][vc_column_inner width=&#8221;1\/2&#8243;][vc_column_text]<span style=\"color: #000000;\">Typewriter jean shorts wolf quinoa, messenger bag organic freegan cray. Paleo Tumblr Wes Anderson photo booth. Kale chips Truffaut Williamsburg, hashtag fixie Pinterest raw denim chambray drinking vinegar Carles street art Bushwick gastropub.<\/span>[\/vc_column_text][\/vc_column_inner][\/vc_row_inner][vc_row_inner css=&#8221;.vc_custom_1545639519522{margin-bottom: 30px !important;}&#8221;][vc_column_inner width=&#8221;1\/2&#8243; css=&#8221;.vc_custom_1545637744226{padding-right: 30px !important;}&#8221;][vc_column_text]<\/p>\n<h4>Quanto tempo levar\u00e1 para receber a minha encomenda?<\/h4>\n<p>[\/vc_column_text][\/vc_column_inner][vc_column_inner width=&#8221;1\/2&#8243;][vc_column_text]<span style=\"color: #000000;\">Flexitarian Pitchfork forage, literally paleo fap pour-over. Wes Anderson Pinterest YOLO fanny pack meggings, deep v XOXO chambray sustainable slow-carb raw denim church-key fap chillwave Etsy. +1 typewriter kitsch, American Apparel tofu Banksy Vice.<\/span>[\/vc_column_text][\/vc_column_inner][\/vc_row_inner][vc_separator color=&#8221;custom&#8221; accent_color=&#8221;#efefef&#8221;][vc_row_inner][vc_column_inner][vc_empty_space height=&#8221;30px&#8221;][vc_custom_heading text=&#8221;Informa\u00e7\u00e3o de pagamento&#8221; font_container=&#8221;tag:h2|font_size:50px|text_align:left|color:%23999999|line_height:50px&#8221; use_theme_fonts=&#8221;yes&#8221;][vc_empty_space height=&#8221;50px&#8221;][\/vc_column_inner][\/vc_row_inner][vc_row_inner css=&#8221;.vc_custom_1545639573691{margin-bottom: 30px !important;}&#8221;][vc_column_inner width=&#8221;1\/2&#8243; css=&#8221;.vc_custom_1545637744226{padding-right: 30px !important;}&#8221;][vc_column_text]<\/p>\n<h4>Quais s\u00e3o os m\u00e9todos de pagamento dispon\u00edveis?<\/h4>\n<p>[\/vc_column_text][\/vc_column_inner][vc_column_inner width=&#8221;1\/2&#8243;][vc_column_text]<span style=\"color: #000000;\">Fashion axe DIY jean shorts, swag kale chips meh polaroid kogi butcher Wes Anderson chambray next level semiotics gentrify yr. Voluptate photo booth fugiat Vice. Austin sed Williamsburg, ea labore raw denim voluptate cred proident mixtape excepteur mustache. Twee chia photo booth readymade food truck, hoodie roof party swag keytar PBR DIY.<\/span>[\/vc_column_text][\/vc_column_inner][\/vc_row_inner][vc_row_inner css=&#8221;.vc_custom_1545639579137{margin-bottom: 30px !important;}&#8221;][vc_column_inner width=&#8221;1\/2&#8243; css=&#8221;.vc_custom_1545637744226{padding-right: 30px !important;}&#8221;][vc_column_text]<\/p>\n<h4>Comprar online \u00e9 seguro?<\/h4>\n<p>[\/vc_column_text][\/vc_column_inner][vc_column_inner width=&#8221;1\/2&#8243;][vc_column_text]<span style=\"color: #000000;\">Art party authentic freegan semiotics jean shorts chia cred. Neutra Austin roof party Brooklyn, synth Thundercats swag 8-bit photo booth. Plaid letterpress leggings craft beer meh ethical Pinterest.<\/span>[\/vc_column_text][\/vc_column_inner][\/vc_row_inner][vc_separator color=&#8221;custom&#8221; accent_color=&#8221;#efefef&#8221;][vc_row_inner][vc_column_inner][vc_empty_space height=&#8221;30px&#8221;][vc_custom_heading text=&#8221;Encomendas e devolu\u00e7\u00f5es&#8221; font_container=&#8221;tag:h2|font_size:50px|text_align:left|color:%23999999|line_height:50px&#8221; use_theme_fonts=&#8221;yes&#8221;][vc_empty_space height=&#8221;50px&#8221;][\/vc_column_inner][\/vc_row_inner][vc_row_inner css=&#8221;.vc_custom_1545639768226{margin-bottom: 30px !important;}&#8221;][vc_column_inner width=&#8221;1\/2&#8243; css=&#8221;.vc_custom_1545637744226{padding-right: 30px !important;}&#8221;][vc_column_text]<\/p>\n<h4>Como fa\u00e7o uma encomenda?<\/h4>\n<p>[\/vc_column_text][\/vc_column_inner][vc_column_inner width=&#8221;1\/2&#8243;][vc_column_text]<span style=\"color: #000000;\">Slow-carb Odd Future seitan normcore. Master cleanse American Apparel gentrify flexitarian beard slow-carb next level. Raw denim polaroid paleo farm-to-table, put a bird on it lo-fi tattooed Wes Anderson Pinterest letterpress. Fingerstache McSweeney\u2019s pour-over, letterpress Schlitz photo booth master cleanse bespoke hashtag chillwave gentrify.<\/span>[\/vc_column_text][\/vc_column_inner][\/vc_row_inner][vc_row_inner css=&#8221;.vc_custom_1545639775504{margin-bottom: 30px !important;}&#8221;][vc_column_inner width=&#8221;1\/2&#8243; css=&#8221;.vc_custom_1545637744226{padding-right: 30px !important;}&#8221;][vc_column_text]<\/p>\n<h4>Como posso cancelar ou alterar a minha encomenda?<\/h4>\n<p>[\/vc_column_text][\/vc_column_inner][vc_column_inner width=&#8221;1\/2&#8243;][vc_column_text]<span style=\"color: #000000;\">Plaid letterpress leggings craft beer meh ethical Pinterest. Art party authentic freegan semiotics jean shorts chia cred. Neutra Austin roof party Brooklyn, synth Thundercats swag 8-bit photo booth.<br \/>\n<\/span>[\/vc_column_text][\/vc_column_inner][\/vc_row_inner][vc_row_inner css=&#8221;.vc_custom_1545639780690{margin-bottom: 30px !important;}&#8221;][vc_column_inner width=&#8221;1\/2&#8243; css=&#8221;.vc_custom_1545637744226{padding-right: 30px !important;}&#8221;][vc_column_text]<\/p>\n<h4>Preciso de criar uma conta para fazer uma encomenda?<\/h4>\n<p>[\/vc_column_text][\/vc_column_inner][vc_column_inner width=&#8221;1\/2&#8243;][vc_column_text]<span style=\"color: #000000;\">Thundercats swag 8-bit photo booth. Plaid letterpress leggings craft beer meh ethical Pinterest. Twee chia photo booth readymade food truck, hoodie roof party swag keytar PBR DIY. Cray ugh 3 wolf moon fap, fashion axe irony butcher cornhole typewriter chambray VHS banjo street art.<\/span>[\/vc_column_text][\/vc_column_inner][\/vc_row_inner][vc_row_inner css=&#8221;.vc_custom_1545639780690{margin-bottom: 30px !important;}&#8221;][vc_column_inner width=&#8221;1\/2&#8243; css=&#8221;.vc_custom_1545637744226{padding-right: 30px !important;}&#8221;][vc_column_text]<\/p>\n<h4>Como fa\u00e7o para rastrear a minha encomenda?<\/h4>\n<p>[\/vc_column_text][\/vc_column_inner][vc_column_inner width=&#8221;1\/2&#8243;][vc_column_text]<span style=\"color: #000000;\">Keytar cray slow-carb, Godard banh mi salvia pour-over. Slow-carb @Odd Future seitan normcore. Master cleanse American Apparel gentrify flexitarian beard slow-carb next level.<\/span>[\/vc_column_text][\/vc_column_inner][\/vc_row_inner][vc_empty_space height=&#8221;50px&#8221;][\/vc_column][\/vc_row]<\/p>\n","protected":false},"excerpt":{"rendered":"<p>[vc_row full_width=&#8221;stretch_row_content_no_spaces&#8221; full_height=&#8221;yes&#8221; columns_placement=&#8221;top&#8221; equal_height=&#8221;yes&#8221; content_placement=&#8221;top&#8221;][vc_column css=&#8221;.vc_custom_1603714547953{padding-right: 4vw !important;padding-left: 6.5vw !important;background-color: #efefef !important;}&#8221; offset=&#8221;vc_col-lg-4 vc_col-md-5&#8243;][vc_row_inner][vc_column_inner offset=&#8221;vc_hidden-sm vc_hidden-xs&#8221;][vc_empty_space height=&#8221;10vw&#8221;][vc_custom_heading text=&#8221;FAQs&#8221; font_container=&#8221;tag:h2|font_size:72px|text_align:left|color:%23000000|line_height:72px&#8221;\u2026<\/p>\n","protected":false},"author":1,"featured_media":0,"parent":0,"menu_order":0,"comment_status":"closed","ping_status":"closed","template":"","meta":[],"_links":{"self":[{"href":"https:\/\/demoshop.projetodigital.pt\/ezshop\/wp-json\/wp\/v2\/pages\/3727"}],"collection":[{"href":"https:\/\/demoshop.projetodigital.pt\/ezshop\/wp-json\/wp\/v2\/pages"}],"about":[{"href":"https:\/\/demoshop.projetodigital.pt\/ezshop\/wp-json\/wp\/v2\/types\/page"}],"author":[{"embeddable":true,"href":"https:\/\/demoshop.projetodigital.pt\/ezshop\/wp-json\/wp\/v2\/users\/1"}],"replies":[{"embeddable":true,"href":"https:\/\/demoshop.projetodigital.pt\/ezshop\/wp-json\/wp\/v2\/comments?post=3727"}],"version-history":[{"count":6,"href":"https:\/\/demoshop.projetodigital.pt\/ezshop\/wp-json\/wp\/v2\/pages\/3727\/revisions"}],"predecessor-version":[{"id":4094,"href":"https:\/\/demoshop.projetodigital.pt\/ezshop\/wp-json\/wp\/v2\/pages\/3727\/revisions\/4094"}],"wp:attachment":[{"href":"https:\/\/demoshop.projetodigital.pt\/ezshop\/wp-json\/wp\/v2\/media?parent=3727"}],"curies":[{"name":"wp","href":"https:\/\/api.w.org\/{rel}","templated":true}]}}